{"id":607,"date":"2020-09-21T12:09:07","date_gmt":"2020-09-21T12:09:07","guid":{"rendered":"https:\/\/www.forum-transaktionssteuerrecht.de\/?page_id=607"},"modified":"2024-04-22T11:25:37","modified_gmt":"2024-04-22T11:25:37","slug":"grenzueberschreitende-akquisitionsfinanzierung-im-lichte-aktueller-rechtsprechung-und-der-oecd-verrechnungspreisrichtlinien","status":"publish","type":"page","link":"https:\/\/www.forum-transaktionssteuerrecht.de\/?page_id=607","title":{"rendered":"Grenz\u00fcberschreitende Akquisitionsfinanzierung im Lichte aktueller Rechtsprechung und der OECD-Verrechnungspreisrichtlinien"},"content":{"rendered":"\n<h3 class=\"wp-block-heading\">Die Pr\u00e4sentation k\u00f6nnen Sie hier herunterladen:<br><a href=\"https:\/\/www.forum-transaktionssteuerrecht.de\/wp-content\/uploads\/2024\/04\/08.10.2020_Forum-Transaktionen-im-Steuerrecht_Grenzueberschreitende-Akquisitionsfinanzierung.pdf\" data-type=\"attachment\" data-id=\"847\">08.10.2020_Forum Transaktionen im Steuerrecht_Grenz\u00fcberschreitende Akquisitionsfinanzierung<\/a><\/h3>\n\n\n\n<p>Unsere diesj\u00e4hrige Veranstaltungsserie mit dem Titel \u201eGrenz\u00fcberschreitende Transaktionen\u201c setzten wir fort mit der Diskussion grundlegender Fragen rund um die grenz\u00fcberschreitende Finanzierung von M&amp;A-Transaktionen. Wir hatten zu einer ca. 90 min\u00fctigen <strong>Videokonferenz<\/strong> am <strong>8. Oktober 2020<\/strong> um <strong>17:00 Uhr<\/strong> zum Thema \u201e<strong>Grenz\u00fcberschreitende Akquisitionsfinanzierung im Lichte aktueller Rechtsprechung und der OECD-Verrechnungspreisrichtlinien<\/strong>\u201c eingeladen.<\/p>\n\n\n\n<p><strong>Dr. Matthias Scheifele<\/strong> (Hengeler Mueller) gab einleitend einen \u00dcberblick zu den j\u00fcngsten Entwicklungen in Rechtsprechung ab, den Stellungnahmen in den OECD-Verrechnungspreisrichtlinien zu Finanztransaktionen sowie den gesetzgeberischen Initiativen im Rahmen des Entwurfs eines ATAD-Umsetzungsgesetzes. Anschlie\u00dfend wurde der Themenkomplex mit <strong>Dr. Wendelin Staats<\/strong> (Bundesministerium der Finanzen), den <strong>Professoren Marc Desens <\/strong>(Universit\u00e4t Leipzig)<strong> und Heribert Anzinger <\/strong>(Universit\u00e4t Ulm) sowie <strong>Anette Maier<\/strong> (Allianz Capital Partners) diskutiert und insbesondere die sich dabei f\u00fcr die Akquisitionsfinanzierung stellenden Grundfragen wie die grunds\u00e4tzliche Anerkennung von Darlehen in Abgrenzung zu Einlagen sowie die Bestimmung des fremd\u00fcblichen Zinssatzes wurden er\u00f6rtert.<\/p>\n","protected":false},"excerpt":{"rendered":"<p>Die Pr\u00e4sentation k\u00f6nnen Sie hier herunterladen:08.10.2020_Forum Transaktionen im Steuerrecht_Grenz\u00fcberschreitende Akquisitionsfinanzierung Unsere diesj\u00e4hrige Veranstaltungsserie mit dem Titel \u201eGrenz\u00fcberschreitende Transaktionen\u201c setzten wir fort mit der Diskussion grundlegender Fragen rund um die grenz\u00fcberschreitende&hellip;<\/p>\n","protected":false},"author":2,"featured_media":0,"parent":570,"menu_order":2,"comment_status":"closed","ping_status":"closed","template":"","meta":{"footnotes":""},"_links":{"self":[{"href":"https:\/\/www.forum-transaktionssteuerrecht.de\/index.php?rest_route=\/wp\/v2\/pages\/607"}],"collection":[{"href":"https:\/\/www.forum-transaktionssteuerrecht.de\/index.php?rest_route=\/wp\/v2\/pages"}],"about":[{"href":"https:\/\/www.forum-transaktionssteuerrecht.de\/index.php?rest_route=\/wp\/v2\/types\/page"}],"author":[{"embeddable":true,"href":"https:\/\/www.forum-transaktionssteuerrecht.de\/index.php?rest_route=\/wp\/v2\/users\/2"}],"replies":[{"embeddable":true,"href":"https:\/\/www.forum-transaktionssteuerrecht.de\/index.php?rest_route=%2Fwp%2Fv2%2Fcomments&post=607"}],"version-history":[{"count":8,"href":"https:\/\/www.forum-transaktionssteuerrecht.de\/index.php?rest_route=\/wp\/v2\/pages\/607\/revisions"}],"predecessor-version":[{"id":880,"href":"https:\/\/www.forum-transaktionssteuerrecht.de\/index.php?rest_route=\/wp\/v2\/pages\/607\/revisions\/880"}],"up":[{"embeddable":true,"href":"https:\/\/www.forum-transaktionssteuerrecht.de\/index.php?rest_route=\/wp\/v2\/pages\/570"}],"wp:attachment":[{"href":"https:\/\/www.forum-transaktionssteuerrecht.de\/index.php?rest_route=%2Fwp%2Fv2%2Fmedia&parent=607"}],"curies":[{"name":"wp","href":"https:\/\/api.w.org\/{rel}","templated":true}]}}