{"id":896,"date":"2024-05-16T14:12:26","date_gmt":"2024-05-16T14:12:26","guid":{"rendered":"https:\/\/www.forum-transaktionssteuerrecht.de\/?page_id=896"},"modified":"2024-07-01T16:30:18","modified_gmt":"2024-07-01T16:30:18","slug":"transaktionen-mit-auslandsbezug-an-der-schnittstelle-zur-hinzurechnungsbesteuerung","status":"publish","type":"page","link":"https:\/\/www.forum-transaktionssteuerrecht.de\/?page_id=896","title":{"rendered":"Transaktionen mit Auslandsbezug an der Schnittstelle zur Hinzurechnungsbesteuerung"},"content":{"rendered":"\n\n\n<p>Unsere letzte Veranstaltung, dieses Mal zum Thema \u201e<b>Transaktionen mit Auslandsbezug an der Schnittstelle zur Hinzurechnungsbesteuerung<\/b>\u201c, fand am <b>27. Juni 2024<\/b>\u00a0um\u00a0<b>17:00 Uhr<\/b> als Pr\u00e4senzveranstaltung in Kooperation mit der\u00a0<b>Goethe-Universit\u00e4t Frankfurt a. M.<\/b>\u00a0statt.<\/p>\n<p>Transaktionen mit Auslandsbezug \u2013 etwa Umwandlungen ausl\u00e4ndischer T\u00f6chter oder Restrukturierungen angeschlagener Teile des Auslandsgesch\u00e4fts \u2013 werfen auf Ebene der deutschen Mutter regelm\u00e4\u00dfig das Thema \u201eHinzurechnungsbesteuerung\u201c auf. Die Fragen, die sich dabei stellen, sind gr\u00f6\u00dftenteils ungekl\u00e4rt. Dies steht im Kontrast zu den h\u00e4ufig substantiellen Steuerfolgen und der hohen praktischen Relevanz aufgrund der fortlaufenden Transformation international aufgestellter Konzerne. Unsere Veranstaltung<b>\u00a0<\/b>sollte dazu beitragen, diese L\u00fccke zu schlie\u00dfen und machte das Thema einer breiteren Diskussion zug\u00e4nglich.<\/p>\n<p>Dazu haben <b>Dr. Markus Ernst<\/b>\u00a0(Hengeler Mueller) sowie\u00a0<b>Andrea Bilitewski<\/b> (Deloitte &amp; Touche GmbH) anhand von Fallbeispielen durch transaktionsrelevante Konstellationen gef\u00fchrt, in denen besonders praxisrelevante Fragen der Hinzurechnungsbesteuerung eine Rolle spielen. Diese Fragen wurden in einer Panel-Diskussion mit <b>Dr. Alexander Mann<\/b>\u00a0(Hessisches Ministerium der Finanzen) sowie\u00a0<b>Dr. Matthias Grundke<\/b> (Siemens AG) vertieft. Moderiert wurde die Veranstaltung von <b>Dr. Stefan Mayer<\/b>\u00a0(Gleiss Lutz).<\/p>\n<p>Die Pr\u00e4sentation k\u00f6nnen Sie hier herunterladen:<br \/><a href=\"https:\/\/www.forum-transaktionssteuerrecht.de\/wp-content\/uploads\/2024\/07\/Transaktionen-mit-Auslandsbezug-an-der-Schnittstelle-zur-Hinzurechnungsbesteuerung_240627.pdf\">Transaktionen mit Auslandsbezug an der Schnittstelle zur Hinzurechnungsbesteuerung<\/a><\/p>\n","protected":false},"excerpt":{"rendered":"<p>Unsere letzte Veranstaltung, dieses Mal zum Thema \u201eTransaktionen mit Auslandsbezug an der Schnittstelle zur Hinzurechnungsbesteuerung\u201c, fand am 27. Juni 2024\u00a0um\u00a017:00 Uhr als Pr\u00e4senzveranstaltung in Kooperation mit der\u00a0Goethe-Universit\u00e4t Frankfurt a. M.\u00a0statt.&hellip;<\/p>\n","protected":false},"author":2,"featured_media":0,"parent":0,"menu_order":0,"comment_status":"closed","ping_status":"closed","template":"","meta":{"footnotes":""},"_links":{"self":[{"href":"https:\/\/www.forum-transaktionssteuerrecht.de\/index.php?rest_route=\/wp\/v2\/pages\/896"}],"collection":[{"href":"https:\/\/www.forum-transaktionssteuerrecht.de\/index.php?rest_route=\/wp\/v2\/pages"}],"about":[{"href":"https:\/\/www.forum-transaktionssteuerrecht.de\/index.php?rest_route=\/wp\/v2\/types\/page"}],"author":[{"embeddable":true,"href":"https:\/\/www.forum-transaktionssteuerrecht.de\/index.php?rest_route=\/wp\/v2\/users\/2"}],"replies":[{"embeddable":true,"href":"https:\/\/www.forum-transaktionssteuerrecht.de\/index.php?rest_route=%2Fwp%2Fv2%2Fcomments&post=896"}],"version-history":[{"count":4,"href":"https:\/\/www.forum-transaktionssteuerrecht.de\/index.php?rest_route=\/wp\/v2\/pages\/896\/revisions"}],"predecessor-version":[{"id":913,"href":"https:\/\/www.forum-transaktionssteuerrecht.de\/index.php?rest_route=\/wp\/v2\/pages\/896\/revisions\/913"}],"wp:attachment":[{"href":"https:\/\/www.forum-transaktionssteuerrecht.de\/index.php?rest_route=%2Fwp%2Fv2%2Fmedia&parent=896"}],"curies":[{"name":"wp","href":"https:\/\/api.w.org\/{rel}","templated":true}]}}